{"id":357,"date":"2022-02-01T20:04:25","date_gmt":"2022-02-01T19:04:25","guid":{"rendered":"https:\/\/quadmenu.haier-klima.com\/wp\/?page_id=357"},"modified":"2025-05-27T14:35:19","modified_gmt":"2025-05-27T12:35:19","slug":"ovlasteni-instalateri","status":"publish","type":"page","link":"https:\/\/quadmenu.haier-klima.com\/wp\/ovlasteni-instalateri\/","title":{"rendered":"Ovla\u0161teni instalateri"},"content":{"rendered":"<p>[et_pb_section fb_built=&#8221;1&#8243; _builder_version=&#8221;4.16&#8243; _module_preset=&#8221;default&#8221; custom_padding=&#8221;0px|||||&#8221; global_colors_info=&#8221;{}&#8221;][et_pb_row _builder_version=&#8221;4.16&#8243; _module_preset=&#8221;default&#8221; width=&#8221;100%&#8221; max_width=&#8221;1140px&#8221; hover_enabled=&#8221;0&#8243; global_colors_info=&#8221;{}&#8221; sticky_enabled=&#8221;0&#8243;][et_pb_column type=&#8221;4_4&#8243; _builder_version=&#8221;4.16&#8243; _module_preset=&#8221;default&#8221; hover_enabled=&#8221;0&#8243; global_colors_info=&#8221;{}&#8221; sticky_enabled=&#8221;0&#8243;][et_pb_text _builder_version=&#8221;4.27.4&#8243; _module_preset=&#8221;default&#8221; header_text_color=&#8221;#005aaa&#8221; hover_enabled=&#8221;0&#8243; global_colors_info=&#8221;{}&#8221; sticky_enabled=&#8221;0&#8243;]<\/p>\n<h1>Prodajna mre\u017ea:<\/h1>\n<p>[\/et_pb_text][et_pb_code _builder_version=&#8221;4.16&#8243; _module_preset=&#8221;default&#8221; custom_margin=&#8221;||||false|false&#8221; global_colors_info=&#8221;{}&#8221;]<style>\r\n\t#wpsl-stores .wpsl-store-thumb {height:45px !important; width:45px !important;}\r\n\t#wpsl-stores, #wpsl-direction-details, #wpsl-gmap {height:600px !important;}\r\n\t#wpsl-gmap .wpsl-info-window {max-width:300px !important;}\r\n\t.wpsl-input label, #wpsl-radius label, #wpsl-category label {width:150px;}\r\n\t#wpsl-search-input ,#wpsl-category .wpsl-dropdown {width:200px;}\r\n<\/style>\r\n<div id=\"wpsl-wrap\">\r\n\t<div class=\"wpsl-search wpsl-clearfix wpsl-filter\">\r\n\t\t<div id=\"wpsl-search-wrap\">\r\n\t\t\t<form autocomplete=\"off\">\r\n\t\t\t<div class=\"wpsl-input\">\r\n\t\t\t\t<div><label for=\"wpsl-search-input\">Va\u0161a lokacija<\/label><\/div>\r\n\t\t\t\t<input id=\"wpsl-search-input\" type=\"text\" value=\"\" name=\"wpsl-search-input\" placeholder=\"\" aria-required=\"true\" \/>\r\n\t\t\t<\/div>\r\n\t\t\t<div class=\"wpsl-select-wrap\">\r\n\t\t\t\t<div id=\"wpsl-radius\">\r\n\t\t\t\t\t<label for=\"wpsl-radius-dropdown\">Radius pretra\u017eivanja<\/label>\r\n\t\t\t\t\t<select id=\"wpsl-radius-dropdown\" class=\"wpsl-dropdown\" name=\"wpsl-radius\">\r\n\t\t\t\t\t\t<option value=\"10\">10 km<\/option><option selected=\"selected\" value=\"25\">25 km<\/option><option value=\"50\">50 km<\/option><option value=\"100\">100 km<\/option><option value=\"200\">200 km<\/option><option value=\"300\">300 km<\/option>\r\n\t\t\t\t\t<\/select>\r\n\t\t\t\t<\/div>\r\n\t\t\t\t<div id=\"wpsl-results\">\r\n\t\t\t\t\t<label for=\"wpsl-results-dropdown\">Rezultati<\/label>\r\n\t\t\t\t\t<select id=\"wpsl-results-dropdown\" class=\"wpsl-dropdown\" name=\"wpsl-results\">\r\n\t\t\t\t\t\t<option value=\"5\">5<\/option><option value=\"10\">10<\/option><option selected=\"selected\" value=\"25\">25<\/option>\r\n\t\t\t\t\t<\/select>\r\n\t\t\t\t<\/div>\r\n\t\t\t<\/div>\r\n<div id=\"wpsl-category\">\r\n<label for=\"wpsl-category-list\">Kategorija<\/label>\r\n<select  name='wpsl-category' id='wpsl-category-list' class='wpsl-dropdown'>\n\t<option value='0'>Svi<\/option>\n\t<option class=\"level-0\" value=\"25\">Dizalice topline<\/option>\n\t<option class=\"level-0\" value=\"24\">Klima ure\u0111aji<\/option>\n\t<option class=\"level-0\" value=\"35\">Ovla\u0161teni instalater<\/option>\n<\/select>\n<\/div>\r\n\t\t\t\t<div class=\"wpsl-search-btn-wrap\"><input id=\"wpsl-search-btn\" type=\"submit\" value=\"Tra\u017ei\"><\/div>\r\n\t\t<\/form>\r\n\t\t<\/div>\r\n\t<\/div>\r\n\t<div id=\"wpsl-gmap\" class=\"wpsl-gmap-canvas\"><\/div>\r\n\t<div id=\"wpsl-result-list\">\r\n\t\t<div id=\"wpsl-stores\" >\r\n\t\t\t<ul><\/ul>\r\n\t\t<\/div>\r\n\t\t<div id=\"wpsl-direction-details\">\r\n\t\t\t<ul><\/ul>\r\n\t\t<\/div>\r\n\t<\/div>\r\n<\/div>\r\n[\/et_pb_code][\/et_pb_column][\/et_pb_row][\/et_pb_section]<\/p>\n","protected":false},"excerpt":{"rendered":"<p>Prodajna mre\u017ea:<style>\r\n\t#wpsl-stores .wpsl-store-thumb {height:45px !important; width:45px !important;}\r\n\t#wpsl-stores, #wpsl-direction-details, #wpsl-gmap {height:600px !important;}\r\n\t#wpsl-gmap .wpsl-info-window {max-width:300px !important;}\r\n\t.wpsl-input label, #wpsl-radius label, #wpsl-category label {width:150px;}\r\n\t#wpsl-search-input ,#wpsl-category .wpsl-dropdown {width:200px;}\r\n<\/style>\r\n<div id=\"wpsl-wrap\">\r\n\t<div class=\"wpsl-search wpsl-clearfix wpsl-filter\">\r\n\t\t<div id=\"wpsl-search-wrap\">\r\n\t\t\t<form autocomplete=\"off\">\r\n\t\t\t<div class=\"wpsl-input\">\r\n\t\t\t\t<div><label for=\"wpsl-search-input\">Va\u0161a lokacija<\/label><\/div>\r\n\t\t\t\t<input id=\"wpsl-search-input\" type=\"text\" value=\"\" name=\"wpsl-search-input\" placeholder=\"\" aria-required=\"true\" \/>\r\n\t\t\t<\/div>\r\n\t\t\t<div class=\"wpsl-select-wrap\">\r\n\t\t\t\t<div id=\"wpsl-radius\">\r\n\t\t\t\t\t<label for=\"wpsl-radius-dropdown\">Radius pretra\u017eivanja<\/label>\r\n\t\t\t\t\t<select id=\"wpsl-radius-dropdown\" class=\"wpsl-dropdown\" name=\"wpsl-radius\">\r\n\t\t\t\t\t\t<option value=\"10\">10 km<\/option><option selected=\"selected\" value=\"25\">25 km<\/option><option value=\"50\">50 km<\/option><option value=\"100\">100 km<\/option><option value=\"200\">200 km<\/option><option value=\"300\">300 km<\/option>\r\n\t\t\t\t\t<\/select>\r\n\t\t\t\t<\/div>\r\n\t\t\t\t<div id=\"wpsl-results\">\r\n\t\t\t\t\t<label for=\"wpsl-results-dropdown\">Rezultati<\/label>\r\n\t\t\t\t\t<select id=\"wpsl-results-dropdown\" class=\"wpsl-dropdown\" name=\"wpsl-results\">\r\n\t\t\t\t\t\t<option value=\"5\">5<\/option><option value=\"10\">10<\/option><option selected=\"selected\" value=\"25\">25<\/option>\r\n\t\t\t\t\t<\/select>\r\n\t\t\t\t<\/div>\r\n\t\t\t<\/div>\r\n<div id=\"wpsl-category\">\r\n<label for=\"wpsl-category-list\">Kategorija<\/label>\r\n<select  name='wpsl-category' id='wpsl-category-list' class='wpsl-dropdown'>\n\t<option value='0'>Svi<\/option>\n\t<option class=\"level-0\" value=\"25\">Dizalice topline<\/option>\n\t<option class=\"level-0\" value=\"24\">Klima ure\u0111aji<\/option>\n\t<option class=\"level-0\" value=\"35\">Ovla\u0161teni instalater<\/option>\n<\/select>\n<\/div>\r\n\t\t\t\t<div class=\"wpsl-search-btn-wrap\"><input id=\"wpsl-search-btn\" type=\"submit\" value=\"Tra\u017ei\"><\/div>\r\n\t\t<\/form>\r\n\t\t<\/div>\r\n\t<\/div>\r\n\t<div id=\"wpsl-gmap\" class=\"wpsl-gmap-canvas\"><\/div>\r\n\t<div id=\"wpsl-result-list\">\r\n\t\t<div id=\"wpsl-stores\" >\r\n\t\t\t<ul><\/ul>\r\n\t\t<\/div>\r\n\t\t<div id=\"wpsl-direction-details\">\r\n\t\t\t<ul><\/ul>\r\n\t\t<\/div>\r\n\t<\/div>\r\n<\/div>\r\n<\/p>\n","protected":false},"author":7,"featured_media":0,"parent":0,"menu_order":0,"comment_status":"closed","ping_status":"closed","template":"","meta":{"_et_pb_use_builder":"on","_et_pb_old_content":"","_et_gb_content_width":"","footnotes":""},"class_list":["post-357","page","type-page","status-publish","hentry"],"yoast_head":"<!-- This site is optimized with the Yoast SEO plugin v27.3 - https:\/\/yoast.com\/product\/yoast-seo-wordpress\/ -->\n<title>Ovla\u0161teni instalateri | Haier klimatizacija<\/title>\n<meta name=\"description\" content=\"Ovla\u0161teni instalateri u va\u0161em podru\u010dju? Javite se kvalificiranim i pouzdanim ovla\u0161tenim instalaterima Haier klima ure\u0111aja.\" \/>\n<meta name=\"robots\" content=\"index, follow, max-snippet:-1, max-image-preview:large, max-video-preview:-1\" \/>\n<link rel=\"canonical\" href=\"https:\/\/quadmenu.haier-klima.com\/wp\/ovlasteni-instalateri\/\" \/>\n<meta property=\"og:locale\" content=\"hr_HR\" \/>\n<meta property=\"og:type\" content=\"article\" \/>\n<meta property=\"og:title\" content=\"Ovla\u0161teni instalateri | Haier klimatizacija\" \/>\n<meta property=\"og:description\" content=\"Ovla\u0161teni instalateri u va\u0161em podru\u010dju? Javite se kvalificiranim i pouzdanim ovla\u0161tenim instalaterima Haier klima ure\u0111aja.\" \/>\n<meta property=\"og:url\" content=\"https:\/\/quadmenu.haier-klima.com\/wp\/ovlasteni-instalateri\/\" \/>\n<meta property=\"og:site_name\" content=\"Haier\" \/>\n<meta property=\"article:publisher\" content=\"https:\/\/www.facebook.com\/MBFrigoGrupa\/\" \/>\n<meta property=\"article:modified_time\" content=\"2025-05-27T12:35:19+00:00\" \/>\n<meta name=\"twitter:card\" content=\"summary_large_image\" \/>\n<meta name=\"twitter:label1\" content=\"Procijenjeno vrijeme \u010ditanja\" \/>\n\t<meta name=\"twitter:data1\" content=\"1 minuta\" \/>\n<script type=\"application\/ld+json\" class=\"yoast-schema-graph\">{\"@context\":\"https:\\\/\\\/schema.org\",\"@graph\":[{\"@type\":\"WebPage\",\"@id\":\"https:\\\/\\\/quadmenu.haier-klima.com\\\/wp\\\/ovlasteni-instalateri\\\/\",\"url\":\"https:\\\/\\\/quadmenu.haier-klima.com\\\/wp\\\/ovlasteni-instalateri\\\/\",\"name\":\"Ovla\u0161teni instalateri | Haier klimatizacija\",\"isPartOf\":{\"@id\":\"https:\\\/\\\/quadmenu.haier-klima.com\\\/wp\\\/#website\"},\"datePublished\":\"2022-02-01T19:04:25+00:00\",\"dateModified\":\"2025-05-27T12:35:19+00:00\",\"description\":\"Ovla\u0161teni instalateri u va\u0161em podru\u010dju? Javite se kvalificiranim i pouzdanim ovla\u0161tenim instalaterima Haier klima ure\u0111aja.\",\"breadcrumb\":{\"@id\":\"https:\\\/\\\/quadmenu.haier-klima.com\\\/wp\\\/ovlasteni-instalateri\\\/#breadcrumb\"},\"inLanguage\":\"hr\",\"potentialAction\":[{\"@type\":\"ReadAction\",\"target\":[\"https:\\\/\\\/quadmenu.haier-klima.com\\\/wp\\\/ovlasteni-instalateri\\\/\"]}]},{\"@type\":\"BreadcrumbList\",\"@id\":\"https:\\\/\\\/quadmenu.haier-klima.com\\\/wp\\\/ovlasteni-instalateri\\\/#breadcrumb\",\"itemListElement\":[{\"@type\":\"ListItem\",\"position\":1,\"name\":\"Po\u010detna stranica\",\"item\":\"https:\\\/\\\/quadmenu.haier-klima.com\\\/wp\\\/\"},{\"@type\":\"ListItem\",\"position\":2,\"name\":\"Ovla\u0161teni instalateri\"}]},{\"@type\":\"WebSite\",\"@id\":\"https:\\\/\\\/quadmenu.haier-klima.com\\\/wp\\\/#website\",\"url\":\"https:\\\/\\\/quadmenu.haier-klima.com\\\/wp\\\/\",\"name\":\"Haier\",\"description\":\"#1 in the World\",\"publisher\":{\"@id\":\"https:\\\/\\\/quadmenu.haier-klima.com\\\/wp\\\/#organization\"},\"potentialAction\":[{\"@type\":\"SearchAction\",\"target\":{\"@type\":\"EntryPoint\",\"urlTemplate\":\"https:\\\/\\\/quadmenu.haier-klima.com\\\/wp\\\/?s={search_term_string}\"},\"query-input\":{\"@type\":\"PropertyValueSpecification\",\"valueRequired\":true,\"valueName\":\"search_term_string\"}}],\"inLanguage\":\"hr\"},{\"@type\":\"Organization\",\"@id\":\"https:\\\/\\\/quadmenu.haier-klima.com\\\/wp\\\/#organization\",\"name\":\"MB Frigo Grupa d.o.o.\",\"url\":\"https:\\\/\\\/quadmenu.haier-klima.com\\\/wp\\\/\",\"logo\":{\"@type\":\"ImageObject\",\"inLanguage\":\"hr\",\"@id\":\"https:\\\/\\\/quadmenu.haier-klima.com\\\/wp\\\/#\\\/schema\\\/logo\\\/image\\\/\",\"url\":\"https:\\\/\\\/quadmenu.haier-klima.com\\\/wp\\\/wp-content\\\/uploads\\\/2022\\\/01\\\/haier_logo.png\",\"contentUrl\":\"https:\\\/\\\/quadmenu.haier-klima.com\\\/wp\\\/wp-content\\\/uploads\\\/2022\\\/01\\\/haier_logo.png\",\"width\":2918,\"height\":899,\"caption\":\"MB Frigo Grupa d.o.o.\"},\"image\":{\"@id\":\"https:\\\/\\\/quadmenu.haier-klima.com\\\/wp\\\/#\\\/schema\\\/logo\\\/image\\\/\"},\"sameAs\":[\"https:\\\/\\\/www.facebook.com\\\/MBFrigoGrupa\\\/\",\"https:\\\/\\\/www.linkedin.com\\\/company\\\/mb-frigo-grupa\\\/mycompany\\\/?viewAsMember=true\"]}]}<\/script>\n<!-- \/ Yoast SEO plugin. -->","yoast_head_json":{"title":"Ovla\u0161teni instalateri | Haier klimatizacija","description":"Ovla\u0161teni instalateri u va\u0161em podru\u010dju? Javite se kvalificiranim i pouzdanim ovla\u0161tenim instalaterima Haier klima ure\u0111aja.","robots":{"index":"index","follow":"follow","max-snippet":"max-snippet:-1","max-image-preview":"max-image-preview:large","max-video-preview":"max-video-preview:-1"},"canonical":"https:\/\/quadmenu.haier-klima.com\/wp\/ovlasteni-instalateri\/","og_locale":"hr_HR","og_type":"article","og_title":"Ovla\u0161teni instalateri | Haier klimatizacija","og_description":"Ovla\u0161teni instalateri u va\u0161em podru\u010dju? Javite se kvalificiranim i pouzdanim ovla\u0161tenim instalaterima Haier klima ure\u0111aja.","og_url":"https:\/\/quadmenu.haier-klima.com\/wp\/ovlasteni-instalateri\/","og_site_name":"Haier","article_publisher":"https:\/\/www.facebook.com\/MBFrigoGrupa\/","article_modified_time":"2025-05-27T12:35:19+00:00","twitter_card":"summary_large_image","twitter_misc":{"Procijenjeno vrijeme \u010ditanja":"1 minuta"},"schema":{"@context":"https:\/\/schema.org","@graph":[{"@type":"WebPage","@id":"https:\/\/quadmenu.haier-klima.com\/wp\/ovlasteni-instalateri\/","url":"https:\/\/quadmenu.haier-klima.com\/wp\/ovlasteni-instalateri\/","name":"Ovla\u0161teni instalateri | Haier klimatizacija","isPartOf":{"@id":"https:\/\/quadmenu.haier-klima.com\/wp\/#website"},"datePublished":"2022-02-01T19:04:25+00:00","dateModified":"2025-05-27T12:35:19+00:00","description":"Ovla\u0161teni instalateri u va\u0161em podru\u010dju? Javite se kvalificiranim i pouzdanim ovla\u0161tenim instalaterima Haier klima ure\u0111aja.","breadcrumb":{"@id":"https:\/\/quadmenu.haier-klima.com\/wp\/ovlasteni-instalateri\/#breadcrumb"},"inLanguage":"hr","potentialAction":[{"@type":"ReadAction","target":["https:\/\/quadmenu.haier-klima.com\/wp\/ovlasteni-instalateri\/"]}]},{"@type":"BreadcrumbList","@id":"https:\/\/quadmenu.haier-klima.com\/wp\/ovlasteni-instalateri\/#breadcrumb","itemListElement":[{"@type":"ListItem","position":1,"name":"Po\u010detna stranica","item":"https:\/\/quadmenu.haier-klima.com\/wp\/"},{"@type":"ListItem","position":2,"name":"Ovla\u0161teni instalateri"}]},{"@type":"WebSite","@id":"https:\/\/quadmenu.haier-klima.com\/wp\/#website","url":"https:\/\/quadmenu.haier-klima.com\/wp\/","name":"Haier","description":"#1 in the World","publisher":{"@id":"https:\/\/quadmenu.haier-klima.com\/wp\/#organization"},"potentialAction":[{"@type":"SearchAction","target":{"@type":"EntryPoint","urlTemplate":"https:\/\/quadmenu.haier-klima.com\/wp\/?s={search_term_string}"},"query-input":{"@type":"PropertyValueSpecification","valueRequired":true,"valueName":"search_term_string"}}],"inLanguage":"hr"},{"@type":"Organization","@id":"https:\/\/quadmenu.haier-klima.com\/wp\/#organization","name":"MB Frigo Grupa d.o.o.","url":"https:\/\/quadmenu.haier-klima.com\/wp\/","logo":{"@type":"ImageObject","inLanguage":"hr","@id":"https:\/\/quadmenu.haier-klima.com\/wp\/#\/schema\/logo\/image\/","url":"https:\/\/quadmenu.haier-klima.com\/wp\/wp-content\/uploads\/2022\/01\/haier_logo.png","contentUrl":"https:\/\/quadmenu.haier-klima.com\/wp\/wp-content\/uploads\/2022\/01\/haier_logo.png","width":2918,"height":899,"caption":"MB Frigo Grupa d.o.o."},"image":{"@id":"https:\/\/quadmenu.haier-klima.com\/wp\/#\/schema\/logo\/image\/"},"sameAs":["https:\/\/www.facebook.com\/MBFrigoGrupa\/","https:\/\/www.linkedin.com\/company\/mb-frigo-grupa\/mycompany\/?viewAsMember=true"]}]}},"_links":{"self":[{"href":"https:\/\/quadmenu.haier-klima.com\/wp\/wp-json\/wp\/v2\/pages\/357","targetHints":{"allow":["GET"]}}],"collection":[{"href":"https:\/\/quadmenu.haier-klima.com\/wp\/wp-json\/wp\/v2\/pages"}],"about":[{"href":"https:\/\/quadmenu.haier-klima.com\/wp\/wp-json\/wp\/v2\/types\/page"}],"author":[{"embeddable":true,"href":"https:\/\/quadmenu.haier-klima.com\/wp\/wp-json\/wp\/v2\/users\/7"}],"replies":[{"embeddable":true,"href":"https:\/\/quadmenu.haier-klima.com\/wp\/wp-json\/wp\/v2\/comments?post=357"}],"version-history":[{"count":21,"href":"https:\/\/quadmenu.haier-klima.com\/wp\/wp-json\/wp\/v2\/pages\/357\/revisions"}],"predecessor-version":[{"id":32427,"href":"https:\/\/quadmenu.haier-klima.com\/wp\/wp-json\/wp\/v2\/pages\/357\/revisions\/32427"}],"wp:attachment":[{"href":"https:\/\/quadmenu.haier-klima.com\/wp\/wp-json\/wp\/v2\/media?parent=357"}],"curies":[{"name":"wp","href":"https:\/\/api.w.org\/{rel}","templated":true}]}}